{"id":338,"date":"2024-12-10T10:22:43","date_gmt":"2024-12-10T10:22:43","guid":{"rendered":"https:\/\/fitandhealthyeats.com\/?page_id=338"},"modified":"2025-01-20T06:36:59","modified_gmt":"2025-01-20T06:36:59","slug":"about","status":"publish","type":"page","link":"https:\/\/fitnessdaily.de\/index.php\/about\/","title":{"rendered":"ABOUT"},"content":{"rendered":"\t\t<div data-elementor-type=\"wp-page\" data-elementor-id=\"338\" class=\"elementor elementor-338\" data-elementor-post-type=\"page\">\n\t\t\t\t\t\t<section class=\"elementor-section elementor-top-section elementor-element elementor-element-501d5374 elementor-section-boxed elementor-section-height-default elementor-section-height-default\" data-id=\"501d5374\" data-element_type=\"section\">\n\t\t\t\t\t\t<div class=\"elementor-container elementor-column-gap-no\">\n\t\t\t\t\t<div class=\"elementor-column elementor-col-50 elementor-top-column elementor-element elementor-element-6277ec68\" data-id=\"6277ec68\" data-element_type=\"column\">\n\t\t\t<div class=\"elementor-widget-wrap elementor-element-populated\">\n\t\t\t\t\t\t<div class=\"elementor-element elementor-element-23891d09 elementor-widget__width-initial elementor-widget elementor-widget-icon-box\" data-id=\"23891d09\" data-element_type=\"widget\" data-widget_type=\"icon-box.default\">\n\t\t\t\t<div class=\"elementor-widget-container\">\n\t\t\t<link rel=\"stylesheet\" href=\"https:\/\/fitnessdaily.de\/wp-content\/plugins\/elementor\/assets\/css\/widget-icon-box.min.css\">\t\t<div class=\"elementor-icon-box-wrapper\">\n\n\t\t\t\n\t\t\t\t\t\t<div class=\"elementor-icon-box-content\">\n\n\t\t\t\t\t\t\t\t\t<h2 class=\"elementor-icon-box-title\">\n\t\t\t\t\t\t<span  >\n\t\t\t\t\t\t\tHallo, ich bin Uwe Baumgaertner\t\t\t\t\t\t<\/span>\n\t\t\t\t\t<\/h2>\n\t\t\t\t\n\t\t\t\t\t\t\t\t\t<p class=\"elementor-icon-box-description\">\n\t\t\t\t\t\tIch bin ein leidenschaftlicher Blogger f\u00fcr gesunde Ern\u00e4hrung. Ich glaube, dass ausgewogene Ern\u00e4hrung die Lebensqualit\u00e4t verbessert. Auf meiner Plattform finden Sie leckere, nahrhafte Rezepte, die auf Ihre gesunden Lifestyle-Ziele zugeschnitten sind. Ich konzentriere mich auf frische, nat\u00fcrliche Zutaten und teile die neuesten Lebensmittelwissenschaften und praktische Tipps. Fitness-Enthusiasten und Hausfrau gleicherma\u00dfen, schlie\u00dfen Sie sich meiner Reise zur gesunden Ern\u00e4hrung an!\t\t\t\t\t<\/p>\n\t\t\t\t\n\t\t\t<\/div>\n\t\t\t\n\t\t<\/div>\n\t\t\t\t<\/div>\n\t\t\t\t<\/div>\n\t\t\t\t\t<\/div>\n\t\t<\/div>\n\t\t\t\t<div class=\"elementor-column elementor-col-50 elementor-top-column elementor-element elementor-element-2dfa0f01\" data-id=\"2dfa0f01\" data-element_type=\"column\">\n\t\t\t<div class=\"elementor-widget-wrap elementor-element-populated\">\n\t\t\t\t\t\t<div class=\"elementor-element elementor-element-64c371f4 elementor-widget__width-initial elementor-widget-tablet__width-initial elementor-widget elementor-widget-image\" data-id=\"64c371f4\" data-element_type=\"widget\" data-widget_type=\"image.default\">\n\t\t\t\t<div class=\"elementor-widget-container\">\n\t\t\t<style>\/*! elementor - v3.22.0 - 17-06-2024 *\/\n.elementor-widget-image{text-align:center}.elementor-widget-image a{display:inline-block}.elementor-widget-image a img[src$=\".svg\"]{width:48px}.elementor-widget-image img{vertical-align:middle;display:inline-block}<\/style>\t\t\t\t\t\t\t\t\t\t<img fetchpriority=\"high\" decoding=\"async\" width=\"800\" height=\"534\" src=\"https:\/\/fitnessdaily.de\/wp-content\/uploads\/2025\/01\/Kalzium-und-Vitamin-D-sind-entscheidend-fur-das-Wa-1024x683.jpg\" class=\"attachment-large size-large wp-image-1995\" alt=\"\" srcset=\"https:\/\/fitnessdaily.de\/wp-content\/uploads\/2025\/01\/Kalzium-und-Vitamin-D-sind-entscheidend-fur-das-Wa-1024x683.jpg 1024w, https:\/\/fitnessdaily.de\/wp-content\/uploads\/2025\/01\/Kalzium-und-Vitamin-D-sind-entscheidend-fur-das-Wa-300x200.jpg 300w, https:\/\/fitnessdaily.de\/wp-content\/uploads\/2025\/01\/Kalzium-und-Vitamin-D-sind-entscheidend-fur-das-Wa-768x512.jpg 768w, https:\/\/fitnessdaily.de\/wp-content\/uploads\/2025\/01\/Kalzium-und-Vitamin-D-sind-entscheidend-fur-das-Wa-1536x1024.jpg 1536w, https:\/\/fitnessdaily.de\/wp-content\/uploads\/2025\/01\/Kalzium-und-Vitamin-D-sind-entscheidend-fur-das-Wa-2048x1365.jpg 2048w\" sizes=\"(max-width: 800px) 100vw, 800px\" \/>\t\t\t\t\t\t\t\t\t\t\t\t\t<\/div>\n\t\t\t\t<\/div>\n\t\t\t\t\t<\/div>\n\t\t<\/div>\n\t\t\t\t\t<\/div>\n\t\t<\/section>\n\t\t\t\t<section class=\"elementor-section elementor-top-section elementor-element elementor-element-50629b54 elementor-section-boxed elementor-section-height-default elementor-section-height-default\" data-id=\"50629b54\" data-element_type=\"section\">\n\t\t\t\t\t\t<div class=\"elementor-container elementor-column-gap-no\">\n\t\t\t\t\t<div class=\"elementor-column elementor-col-50 elementor-top-column elementor-element elementor-element-7bb2289e\" data-id=\"7bb2289e\" data-element_type=\"column\">\n\t\t\t<div class=\"elementor-widget-wrap elementor-element-populated\">\n\t\t\t\t\t\t<div class=\"elementor-element elementor-element-7dfa390a elementor-widget-divider--view-line_text elementor-widget-divider--element-align-left elementor-widget elementor-widget-divider\" data-id=\"7dfa390a\" data-element_type=\"widget\" data-widget_type=\"divider.default\">\n\t\t\t\t<div class=\"elementor-widget-container\">\n\t\t\t<style>\/*! elementor - v3.22.0 - 17-06-2024 *\/\n.elementor-widget-divider{--divider-border-style:none;--divider-border-width:1px;--divider-color:#0c0d0e;--divider-icon-size:20px;--divider-element-spacing:10px;--divider-pattern-height:24px;--divider-pattern-size:20px;--divider-pattern-url:none;--divider-pattern-repeat:repeat-x}.elementor-widget-divider .elementor-divider{display:flex}.elementor-widget-divider .elementor-divider__text{font-size:15px;line-height:1;max-width:95%}.elementor-widget-divider .elementor-divider__element{margin:0 var(--divider-element-spacing);flex-shrink:0}.elementor-widget-divider .elementor-icon{font-size:var(--divider-icon-size)}.elementor-widget-divider .elementor-divider-separator{display:flex;margin:0;direction:ltr}.elementor-widget-divider--view-line_icon .elementor-divider-separator,.elementor-widget-divider--view-line_text .elementor-divider-separator{align-items:center}.elementor-widget-divider--view-line_icon .elementor-divider-separator:after,.elementor-widget-divider--view-line_icon .elementor-divider-separator:before,.elementor-widget-divider--view-line_text .elementor-divider-separator:after,.elementor-widget-divider--view-line_text .elementor-divider-separator:before{display:block;content:\"\";border-block-end:0;flex-grow:1;border-block-start:var(--divider-border-width) var(--divider-border-style) var(--divider-color)}.elementor-widget-divider--element-align-left .elementor-divider .elementor-divider-separator>.elementor-divider__svg:first-of-type{flex-grow:0;flex-shrink:100}.elementor-widget-divider--element-align-left .elementor-divider-separator:before{content:none}.elementor-widget-divider--element-align-left .elementor-divider__element{margin-left:0}.elementor-widget-divider--element-align-right .elementor-divider .elementor-divider-separator>.elementor-divider__svg:last-of-type{flex-grow:0;flex-shrink:100}.elementor-widget-divider--element-align-right .elementor-divider-separator:after{content:none}.elementor-widget-divider--element-align-right .elementor-divider__element{margin-right:0}.elementor-widget-divider--element-align-start .elementor-divider .elementor-divider-separator>.elementor-divider__svg:first-of-type{flex-grow:0;flex-shrink:100}.elementor-widget-divider--element-align-start .elementor-divider-separator:before{content:none}.elementor-widget-divider--element-align-start .elementor-divider__element{margin-inline-start:0}.elementor-widget-divider--element-align-end .elementor-divider .elementor-divider-separator>.elementor-divider__svg:last-of-type{flex-grow:0;flex-shrink:100}.elementor-widget-divider--element-align-end .elementor-divider-separator:after{content:none}.elementor-widget-divider--element-align-end .elementor-divider__element{margin-inline-end:0}.elementor-widget-divider:not(.elementor-widget-divider--view-line_text):not(.elementor-widget-divider--view-line_icon) .elementor-divider-separator{border-block-start:var(--divider-border-width) var(--divider-border-style) var(--divider-color)}.elementor-widget-divider--separator-type-pattern{--divider-border-style:none}.elementor-widget-divider--separator-type-pattern.elementor-widget-divider--view-line .elementor-divider-separator,.elementor-widget-divider--separator-type-pattern:not(.elementor-widget-divider--view-line) .elementor-divider-separator:after,.elementor-widget-divider--separator-type-pattern:not(.elementor-widget-divider--view-line) .elementor-divider-separator:before,.elementor-widget-divider--separator-type-pattern:not([class*=elementor-widget-divider--view]) .elementor-divider-separator{width:100%;min-height:var(--divider-pattern-height);-webkit-mask-size:var(--divider-pattern-size) 100%;mask-size:var(--divider-pattern-size) 100%;-webkit-mask-repeat:var(--divider-pattern-repeat);mask-repeat:var(--divider-pattern-repeat);background-color:var(--divider-color);-webkit-mask-image:var(--divider-pattern-url);mask-image:var(--divider-pattern-url)}.elementor-widget-divider--no-spacing{--divider-pattern-size:auto}.elementor-widget-divider--bg-round{--divider-pattern-repeat:round}.rtl .elementor-widget-divider .elementor-divider__text{direction:rtl}.e-con-inner>.elementor-widget-divider,.e-con>.elementor-widget-divider{width:var(--container-widget-width,100%);--flex-grow:var(--container-widget-flex-grow)}<\/style>\t\t<div class=\"elementor-divider\">\n\t\t\t<span class=\"elementor-divider-separator\">\n\t\t\t\t\t\t\t<h2 class=\"elementor-divider__text elementor-divider__element\">\n\t\t\t\tBiographie\t\t\t\t<\/h2>\n\t\t\t\t\t\t<\/span>\n\t\t<\/div>\n\t\t\t\t<\/div>\n\t\t\t\t<\/div>\n\t\t\t\t<div class=\"elementor-element elementor-element-39ac388d elementor-position-left elementor-mobile-position-left elementor-view-default elementor-vertical-align-top elementor-widget elementor-widget-icon-box\" data-id=\"39ac388d\" data-element_type=\"widget\" data-widget_type=\"icon-box.default\">\n\t\t\t\t<div class=\"elementor-widget-container\">\n\t\t\t\t\t<div class=\"elementor-icon-box-wrapper\">\n\n\t\t\t\t\t\t<div class=\"elementor-icon-box-icon\">\n\t\t\t\t<span  class=\"elementor-icon elementor-animation-\">\n\t\t\t\t<svg aria-hidden=\"true\" class=\"e-font-icon-svg e-fas-layer-group\" viewBox=\"0 0 512 512\" xmlns=\"http:\/\/www.w3.org\/2000\/svg\"><path d=\"M12.41 148.02l232.94 105.67c6.8 3.09 14.49 3.09 21.29 0l232.94-105.67c16.55-7.51 16.55-32.52 0-40.03L266.65 2.31a25.607 25.607 0 0 0-21.29 0L12.41 107.98c-16.55 7.51-16.55 32.53 0 40.04zm487.18 88.28l-58.09-26.33-161.64 73.27c-7.56 3.43-15.59 5.17-23.86 5.17s-16.29-1.74-23.86-5.17L70.51 209.97l-58.1 26.33c-16.55 7.5-16.55 32.5 0 40l232.94 105.59c6.8 3.08 14.49 3.08 21.29 0L499.59 276.3c16.55-7.5 16.55-32.5 0-40zm0 127.8l-57.87-26.23-161.86 73.37c-7.56 3.43-15.59 5.17-23.86 5.17s-16.29-1.74-23.86-5.17L70.29 337.87 12.41 364.1c-16.55 7.5-16.55 32.5 0 40l232.94 105.59c6.8 3.08 14.49 3.08 21.29 0L499.59 404.1c16.55-7.5 16.55-32.5 0-40z\"><\/path><\/svg>\t\t\t\t<\/span>\n\t\t\t<\/div>\n\t\t\t\n\t\t\t\t\t\t<div class=\"elementor-icon-box-content\">\n\n\t\t\t\t\t\t\t\t\t<div class=\"elementor-icon-box-title\">\n\t\t\t\t\t\t<span  >\n\t\t\t\t\t\t\t2024: Offline-Aktivit\u00e4ten und die Bildung des Botschafter-Netzwerks\t\t\t\t\t\t<\/span>\n\t\t\t\t\t<\/div>\n\t\t\t\t\n\t\t\t\t\t\t\t\t\t<p class=\"elementor-icon-box-description\">\n\t\t\t\t\t\tIm Jahr 2024 habe ich mich \u00fcber den digitalen Bereich hinaus wagen, indem ich Gesundheitsvortr\u00e4ge und Kochworkshops organisierte, um ein st\u00e4rkeres Gemeinschaftsgef\u00fchl unter meinen Anh\u00e4ngern zu f\u00f6rdern.\t\t\t\t\t<\/p>\n\t\t\t\t\n\t\t\t<\/div>\n\t\t\t\n\t\t<\/div>\n\t\t\t\t<\/div>\n\t\t\t\t<\/div>\n\t\t\t\t<div class=\"elementor-element elementor-element-40c4a325 elementor-position-left elementor-mobile-position-left elementor-view-default elementor-vertical-align-top elementor-widget elementor-widget-icon-box\" data-id=\"40c4a325\" data-element_type=\"widget\" data-widget_type=\"icon-box.default\">\n\t\t\t\t<div class=\"elementor-widget-container\">\n\t\t\t\t\t<div class=\"elementor-icon-box-wrapper\">\n\n\t\t\t\t\t\t<div class=\"elementor-icon-box-icon\">\n\t\t\t\t<span  class=\"elementor-icon elementor-animation-\">\n\t\t\t\t<svg aria-hidden=\"true\" class=\"e-font-icon-svg e-fas-layer-group\" viewBox=\"0 0 512 512\" xmlns=\"http:\/\/www.w3.org\/2000\/svg\"><path d=\"M12.41 148.02l232.94 105.67c6.8 3.09 14.49 3.09 21.29 0l232.94-105.67c16.55-7.51 16.55-32.52 0-40.03L266.65 2.31a25.607 25.607 0 0 0-21.29 0L12.41 107.98c-16.55 7.51-16.55 32.53 0 40.04zm487.18 88.28l-58.09-26.33-161.64 73.27c-7.56 3.43-15.59 5.17-23.86 5.17s-16.29-1.74-23.86-5.17L70.51 209.97l-58.1 26.33c-16.55 7.5-16.55 32.5 0 40l232.94 105.59c6.8 3.08 14.49 3.08 21.29 0L499.59 276.3c16.55-7.5 16.55-32.5 0-40zm0 127.8l-57.87-26.23-161.86 73.37c-7.56 3.43-15.59 5.17-23.86 5.17s-16.29-1.74-23.86-5.17L70.29 337.87 12.41 364.1c-16.55 7.5-16.55 32.5 0 40l232.94 105.59c6.8 3.08 14.49 3.08 21.29 0L499.59 404.1c16.55-7.5 16.55-32.5 0-40z\"><\/path><\/svg>\t\t\t\t<\/span>\n\t\t\t<\/div>\n\t\t\t\n\t\t\t\t\t\t<div class=\"elementor-icon-box-content\">\n\n\t\t\t\t\t\t\t\t\t<div class=\"elementor-icon-box-title\">\n\t\t\t\t\t\t<span  >\n\t\t\t\t\t\t\t2022: Herausforderungen meistern, Fokus auf Gesundheit\t\t\t\t\t\t<\/span>\n\t\t\t\t\t<\/div>\n\t\t\t\t\n\t\t\t\t\t\t\t\t\t<p class=\"elementor-icon-box-description\">\n\t\t\t\t\t\tDas folgende Jahr, 2022, brachte eine entscheidende Ver\u00e4nderung. Inmitten der globalen gesundheitlichen Herausforderungen habe ich meine Inhalte angepasst, um Immunit\u00e4tsf\u00f6rdernde Di\u00e4ten und das geistige Wohlbefinden zu betonen, was den sich entwickelnden Bed\u00fcrfnissen meiner Leser widerspiegelt. \t\t\t\t\t<\/p>\n\t\t\t\t\n\t\t\t<\/div>\n\t\t\t\n\t\t<\/div>\n\t\t\t\t<\/div>\n\t\t\t\t<\/div>\n\t\t\t\t<div class=\"elementor-element elementor-element-38685d0 elementor-widget__width-initial elementor-widget-tablet__width-initial elementor-widget elementor-widget-image\" data-id=\"38685d0\" data-element_type=\"widget\" data-widget_type=\"image.default\">\n\t\t\t\t<div class=\"elementor-widget-container\">\n\t\t\t\t\t\t\t\t\t\t\t\t\t<img decoding=\"async\" src=\"https:\/\/fitnessdaily.de\/wp-content\/uploads\/elementor\/thumbs\/Schritte-zur-Zubereitung-von-nahrhaften-und-kostli-1-scaled-r02ya6bj53fkaknno1n6b4o7io0vzt9xze2ms88tio.jpg\" title=\"Schritte-zur-Zubereitung-von-nahrhaften-und-kostli.jpg\" alt=\"Schritte-zur-Zubereitung-von-nahrhaften-und-kostli.jpg\" loading=\"lazy\" \/>\t\t\t\t\t\t\t\t\t\t\t\t\t<\/div>\n\t\t\t\t<\/div>\n\t\t\t\t\t<\/div>\n\t\t<\/div>\n\t\t\t\t<div class=\"elementor-column elementor-col-50 elementor-top-column elementor-element elementor-element-7fe2df4e\" data-id=\"7fe2df4e\" data-element_type=\"column\">\n\t\t\t<div class=\"elementor-widget-wrap elementor-element-populated\">\n\t\t\t\t\t\t<div class=\"elementor-element elementor-element-71368b03 elementor-widget__width-initial elementor-widget-tablet__width-initial elementor-widget elementor-widget-image\" data-id=\"71368b03\" data-element_type=\"widget\" data-widget_type=\"image.default\">\n\t\t\t\t<div class=\"elementor-widget-container\">\n\t\t\t\t\t\t\t\t\t\t\t\t\t<img decoding=\"async\" width=\"800\" height=\"534\" src=\"https:\/\/fitnessdaily.de\/wp-content\/uploads\/2025\/01\/Einen-Ernahrungsplan-fur-eine-ausgewogene-Ernahrun-1024x683.jpg\" class=\"attachment-large size-large wp-image-1961\" alt=\"\" srcset=\"https:\/\/fitnessdaily.de\/wp-content\/uploads\/2025\/01\/Einen-Ernahrungsplan-fur-eine-ausgewogene-Ernahrun-1024x683.jpg 1024w, https:\/\/fitnessdaily.de\/wp-content\/uploads\/2025\/01\/Einen-Ernahrungsplan-fur-eine-ausgewogene-Ernahrun-300x200.jpg 300w, https:\/\/fitnessdaily.de\/wp-content\/uploads\/2025\/01\/Einen-Ernahrungsplan-fur-eine-ausgewogene-Ernahrun-768x512.jpg 768w, https:\/\/fitnessdaily.de\/wp-content\/uploads\/2025\/01\/Einen-Ernahrungsplan-fur-eine-ausgewogene-Ernahrun-1536x1024.jpg 1536w, https:\/\/fitnessdaily.de\/wp-content\/uploads\/2025\/01\/Einen-Ernahrungsplan-fur-eine-ausgewogene-Ernahrun-2048x1365.jpg 2048w\" sizes=\"(max-width: 800px) 100vw, 800px\" \/>\t\t\t\t\t\t\t\t\t\t\t\t\t<\/div>\n\t\t\t\t<\/div>\n\t\t\t\t<div class=\"elementor-element elementor-element-42b13841 elementor-position-left elementor-mobile-position-left elementor-view-default elementor-vertical-align-top elementor-widget elementor-widget-icon-box\" data-id=\"42b13841\" data-element_type=\"widget\" data-widget_type=\"icon-box.default\">\n\t\t\t\t<div class=\"elementor-widget-container\">\n\t\t\t\t\t<div class=\"elementor-icon-box-wrapper\">\n\n\t\t\t\t\t\t<div class=\"elementor-icon-box-icon\">\n\t\t\t\t<span  class=\"elementor-icon elementor-animation-\">\n\t\t\t\t<svg aria-hidden=\"true\" class=\"e-font-icon-svg e-fas-layer-group\" viewBox=\"0 0 512 512\" xmlns=\"http:\/\/www.w3.org\/2000\/svg\"><path d=\"M12.41 148.02l232.94 105.67c6.8 3.09 14.49 3.09 21.29 0l232.94-105.67c16.55-7.51 16.55-32.52 0-40.03L266.65 2.31a25.607 25.607 0 0 0-21.29 0L12.41 107.98c-16.55 7.51-16.55 32.53 0 40.04zm487.18 88.28l-58.09-26.33-161.64 73.27c-7.56 3.43-15.59 5.17-23.86 5.17s-16.29-1.74-23.86-5.17L70.51 209.97l-58.1 26.33c-16.55 7.5-16.55 32.5 0 40l232.94 105.59c6.8 3.08 14.49 3.08 21.29 0L499.59 276.3c16.55-7.5 16.55-32.5 0-40zm0 127.8l-57.87-26.23-161.86 73.37c-7.56 3.43-15.59 5.17-23.86 5.17s-16.29-1.74-23.86-5.17L70.29 337.87 12.41 364.1c-16.55 7.5-16.55 32.5 0 40l232.94 105.59c6.8 3.08 14.49 3.08 21.29 0L499.59 404.1c16.55-7.5 16.55-32.5 0-40z\"><\/path><\/svg>\t\t\t\t<\/span>\n\t\t\t<\/div>\n\t\t\t\n\t\t\t\t\t\t<div class=\"elementor-icon-box-content\">\n\n\t\t\t\t\t\t\t\t\t<div class=\"elementor-icon-box-title\">\n\t\t\t\t\t\t<span  >\n\t\t\t\t\t\t\t2020: Wachstumssprung\t\t\t\t\t\t<\/span>\n\t\t\t\t\t<\/div>\n\t\t\t\t\n\t\t\t\t\t\t\t\t\t<p class=\"elementor-icon-box-description\">\n\t\t\t\t\t\tIm Jahr 2020 habe ich einen Anstieg des Leserengagements erlebt, als ich mit der Videoproduktion experimentierte, wodurch die Lernerfahrung interaktiver und immersiver wurde. \t\t\t\t\t<\/p>\n\t\t\t\t\n\t\t\t<\/div>\n\t\t\t\n\t\t<\/div>\n\t\t\t\t<\/div>\n\t\t\t\t<\/div>\n\t\t\t\t<div class=\"elementor-element elementor-element-5df388d5 elementor-position-left elementor-mobile-position-left elementor-view-default elementor-vertical-align-top elementor-widget elementor-widget-icon-box\" data-id=\"5df388d5\" data-element_type=\"widget\" data-widget_type=\"icon-box.default\">\n\t\t\t\t<div class=\"elementor-widget-container\">\n\t\t\t\t\t<div class=\"elementor-icon-box-wrapper\">\n\n\t\t\t\t\t\t<div class=\"elementor-icon-box-icon\">\n\t\t\t\t<span  class=\"elementor-icon elementor-animation-\">\n\t\t\t\t<svg aria-hidden=\"true\" class=\"e-font-icon-svg e-fas-layer-group\" viewBox=\"0 0 512 512\" xmlns=\"http:\/\/www.w3.org\/2000\/svg\"><path d=\"M12.41 148.02l232.94 105.67c6.8 3.09 14.49 3.09 21.29 0l232.94-105.67c16.55-7.51 16.55-32.52 0-40.03L266.65 2.31a25.607 25.607 0 0 0-21.29 0L12.41 107.98c-16.55 7.51-16.55 32.53 0 40.04zm487.18 88.28l-58.09-26.33-161.64 73.27c-7.56 3.43-15.59 5.17-23.86 5.17s-16.29-1.74-23.86-5.17L70.51 209.97l-58.1 26.33c-16.55 7.5-16.55 32.5 0 40l232.94 105.59c6.8 3.08 14.49 3.08 21.29 0L499.59 276.3c16.55-7.5 16.55-32.5 0-40zm0 127.8l-57.87-26.23-161.86 73.37c-7.56 3.43-15.59 5.17-23.86 5.17s-16.29-1.74-23.86-5.17L70.29 337.87 12.41 364.1c-16.55 7.5-16.55 32.5 0 40l232.94 105.59c6.8 3.08 14.49 3.08 21.29 0L499.59 404.1c16.55-7.5 16.55-32.5 0-40z\"><\/path><\/svg>\t\t\t\t<\/span>\n\t\t\t<\/div>\n\t\t\t\n\t\t\t\t\t\t<div class=\"elementor-icon-box-content\">\n\n\t\t\t\t\t\t\t\t\t<div class=\"elementor-icon-box-title\">\n\t\t\t\t\t\t<span  >\n\t\t\t\t\t\t\t2019: Der Anfang\t\t\t\t\t\t<\/span>\n\t\t\t\t\t<\/div>\n\t\t\t\t\n\t\t\t\t\t\t\t\t\t<p class=\"elementor-icon-box-description\">\n\t\t\t\t\t\tIch begann diesen Weg mit einem pers\u00f6nlichen Blog, der dem Teilen von leicht zubereiteten, nahrhaften hausgemachten Mahlzeiten gewidmet ist. Mein anf\u00e4nglicher Fokus lag auf der Erstellung visuell ansprechender Inhalte, unterst\u00fctzt durch praktische Ern\u00e4hrungstipps und inklusive vielf\u00e4ltiger Ern\u00e4hrungspr\u00e4ferenzen.\t\t\t\t\t<\/p>\n\t\t\t\t\n\t\t\t<\/div>\n\t\t\t\n\t\t<\/div>\n\t\t\t\t<\/div>\n\t\t\t\t<\/div>\n\t\t\t\t\t<\/div>\n\t\t<\/div>\n\t\t\t\t\t<\/div>\n\t\t<\/section>\n\t\t\t\t<\/div>\n\t\t","protected":false},"excerpt":{"rendered":"<p>Hallo, ich bin Uwe Baumgaertner Ich bin ein leidenschaftlicher Blogger f\u00fcr gesunde Ern\u00e4hrung. Ich glaube, dass ausgewogene Ern\u00e4hrung die Lebensqualit\u00e4t verbessert. Auf meiner Plattform finden Sie leckere, nahrhafte Rezepte, die auf Ihre gesunden Lifestyle-Ziele zugeschnitten sind. Ich konzentriere mich auf frische, nat\u00fcrliche Zutaten und teile die neuesten Lebensmittelwissenschaften und praktische Tipps. Fitness-Enthusiasten und Hausfrau gleicherma\u00dfen, [&hellip;]<\/p>\n","protected":false},"author":1,"featured_media":0,"parent":0,"menu_order":0,"comment_status":"closed","ping_status":"closed","template":"elementor_header_footer","meta":{"footnotes":""},"class_list":["post-338","page","type-page","status-publish","hentry"],"_links":{"self":[{"href":"https:\/\/fitnessdaily.de\/index.php\/wp-json\/wp\/v2\/pages\/338","targetHints":{"allow":["GET"]}}],"collection":[{"href":"https:\/\/fitnessdaily.de\/index.php\/wp-json\/wp\/v2\/pages"}],"about":[{"href":"https:\/\/fitnessdaily.de\/index.php\/wp-json\/wp\/v2\/types\/page"}],"author":[{"embeddable":true,"href":"https:\/\/fitnessdaily.de\/index.php\/wp-json\/wp\/v2\/users\/1"}],"replies":[{"embeddable":true,"href":"https:\/\/fitnessdaily.de\/index.php\/wp-json\/wp\/v2\/comments?post=338"}],"version-history":[{"count":15,"href":"https:\/\/fitnessdaily.de\/index.php\/wp-json\/wp\/v2\/pages\/338\/revisions"}],"predecessor-version":[{"id":2321,"href":"https:\/\/fitnessdaily.de\/index.php\/wp-json\/wp\/v2\/pages\/338\/revisions\/2321"}],"wp:attachment":[{"href":"https:\/\/fitnessdaily.de\/index.php\/wp-json\/wp\/v2\/media?parent=338"}],"curies":[{"name":"wp","href":"https:\/\/api.w.org\/{rel}","templated":true}]}}